{"id":733,"date":"2021-06-15T15:34:56","date_gmt":"2021-06-15T18:34:56","guid":{"rendered":"https:\/\/lastro.com.br\/?page_id=733"},"modified":"2021-06-15T17:02:06","modified_gmt":"2021-06-15T20:02:06","slug":"denuncia","status":"publish","type":"page","link":"https:\/\/lastro.com.br\/?page_id=733","title":{"rendered":"Den\u00fancia"},"content":{"rendered":"\n<p><strong>As Den\u00fancias podem ser associadas \u00e0:<\/strong><\/p>\n\n\n\n<p><\/p>\n\n\n\n<p>\u2022 Descumprimento de dispositivos legais ou regulamentares;<br>\n\u2022 Desvios de comportamento e de regras de conduta;<br>\n\u2022 Fraudes de qualquer natureza (de origem interna ou externa) abrangendo corrup\u00e7\u00e3o;<br>\n\u2022 Relat\u00f3rios financeiros \/ cont\u00e1beis fraudulentos, apropria\u00e7\u00e3o ind\u00e9bita de ativos e outros;<br>\n\u2022 Seguran\u00e7a dos sistemas;<br>\n\u2022 Diversidade e discrimina\u00e7\u00e3o;<br>\n\u2022 Lavagem de dinheiro.<br><br><\/p>\n\n\n\n<p>PREENCHA O FORMUL\u00c1RIO ABAIXO PARA REALIZAR SUA DEN\u00daNCIA:<\/p>\n\n\n\n<div class=\"wp-block-contact-form-7-contact-form-selector form_contact\">\n<div class=\"wpcf7 no-js\" id=\"wpcf7-f737-o1\" lang=\"pt-BR\" dir=\"ltr\" data-wpcf7-id=\"737\">\n<div class=\"screen-reader-response\"><p role=\"status\" aria-live=\"polite\" aria-atomic=\"true\"><\/p> <ul><\/ul><\/div>\n<form action=\"\/index.php?rest_route=%2Fwp%2Fv2%2Fpages%2F733#wpcf7-f737-o1\" method=\"post\" class=\"wpcf7-form init\" aria-label=\"Formul\u00e1rios de contato\" novalidate=\"novalidate\" data-status=\"init\">\n<fieldset class=\"hidden-fields-container\"><input type=\"hidden\" name=\"_wpcf7\" value=\"737\" \/><input type=\"hidden\" name=\"_wpcf7_version\" value=\"6.1.5\" \/><input type=\"hidden\" name=\"_wpcf7_locale\" value=\"pt_BR\" \/><input type=\"hidden\" name=\"_wpcf7_unit_tag\" value=\"wpcf7-f737-o1\" \/><input type=\"hidden\" name=\"_wpcf7_container_post\" value=\"0\" \/><input type=\"hidden\" name=\"_wpcf7_posted_data_hash\" value=\"\" \/><input type=\"hidden\" name=\"_wpcf7_recaptcha_response\" value=\"\" \/>\n<\/fieldset>\n<p><span class=\"wpcf7-form-control-wrap\" data-name=\"your-message\"><textarea cols=\"40\" rows=\"10\" maxlength=\"2000\" class=\"wpcf7-form-control wpcf7-textarea\" aria-invalid=\"false\" name=\"your-message\">Escreva sua den\u00fancia<\/textarea><\/span>\n<\/p>\n<p><input class=\"wpcf7-form-control wpcf7-submit has-spinner\" type=\"submit\" value=\"Enviar\" \/>\n<\/p><div class=\"wpcf7-response-output\" aria-hidden=\"true\"><\/div>\n<\/form>\n<\/div>\n<\/div>\n","protected":false},"excerpt":{"rendered":"<p>As Den\u00fancias podem ser associadas \u00e0: \u2022 Descumprimento de dispositivos legais ou regulamentares; \u2022 Desvios de comportamento e de regras [&hellip;]<\/p>\n","protected":false},"author":8,"featured_media":0,"parent":0,"menu_order":0,"comment_status":"closed","ping_status":"closed","template":"","meta":{"_acf_changed":false,"_joinchat":[],"footnotes":""},"class_list":["post-733","page","type-page","status-publish","hentry"],"yoast_head":"<!-- This site is optimized with the Yoast SEO plugin v27.4 - https:\/\/yoast.com\/product\/yoast-seo-wordpress\/ -->\n<title>Den\u00fancia - Lastro<\/title>\n<meta name=\"robots\" content=\"index, follow, max-snippet:-1, max-image-preview:large, max-video-preview:-1\" \/>\n<link rel=\"canonical\" href=\"https:\/\/lastro.com.br\/?page_id=733\" \/>\n<meta property=\"og:locale\" content=\"pt_BR\" \/>\n<meta property=\"og:type\" content=\"article\" \/>\n<meta property=\"og:title\" content=\"Den\u00fancia - Lastro\" \/>\n<meta property=\"og:description\" content=\"As Den\u00fancias podem ser associadas \u00e0: \u2022 Descumprimento de dispositivos legais ou regulamentares; \u2022 Desvios de comportamento e de regras [&hellip;]\" \/>\n<meta property=\"og:url\" content=\"https:\/\/lastro.com.br\/?page_id=733\" \/>\n<meta property=\"og:site_name\" content=\"Lastro\" \/>\n<meta property=\"article:publisher\" content=\"https:\/\/www.facebook.com\/lastrodtvm\/\" \/>\n<meta property=\"article:modified_time\" content=\"2021-06-15T20:02:06+00:00\" \/>\n<meta property=\"og:image\" content=\"https:\/\/lastro.com.br\/wp-content\/uploads\/2025\/09\/108376_foto_pagina_leiloes_original.jpg\" \/>\n\t<meta property=\"og:image:width\" content=\"1600\" \/>\n\t<meta property=\"og:image:height\" content=\"900\" \/>\n\t<meta property=\"og:image:type\" content=\"image\/jpeg\" \/>\n<meta name=\"twitter:card\" content=\"summary_large_image\" \/>\n<meta name=\"twitter:label1\" content=\"Est. tempo de leitura\" \/>\n\t<meta name=\"twitter:data1\" content=\"1 minuto\" \/>\n<script type=\"application\/ld+json\" class=\"yoast-schema-graph\">{\"@context\":\"https:\\\/\\\/schema.org\",\"@graph\":[{\"@type\":\"WebPage\",\"@id\":\"https:\\\/\\\/lastro.com.br\\\/?page_id=733\",\"url\":\"https:\\\/\\\/lastro.com.br\\\/?page_id=733\",\"name\":\"Den\u00fancia - Lastro\",\"isPartOf\":{\"@id\":\"https:\\\/\\\/lastro.com.br\\\/#website\"},\"datePublished\":\"2021-06-15T18:34:56+00:00\",\"dateModified\":\"2021-06-15T20:02:06+00:00\",\"breadcrumb\":{\"@id\":\"https:\\\/\\\/lastro.com.br\\\/?page_id=733#breadcrumb\"},\"inLanguage\":\"pt-BR\",\"potentialAction\":[{\"@type\":\"ReadAction\",\"target\":[\"https:\\\/\\\/lastro.com.br\\\/?page_id=733\"]}]},{\"@type\":\"BreadcrumbList\",\"@id\":\"https:\\\/\\\/lastro.com.br\\\/?page_id=733#breadcrumb\",\"itemListElement\":[{\"@type\":\"ListItem\",\"position\":1,\"name\":\"In\u00edcio\",\"item\":\"https:\\\/\\\/lastro.com.br\\\/\"},{\"@type\":\"ListItem\",\"position\":2,\"name\":\"Den\u00fancia\"}]},{\"@type\":\"WebSite\",\"@id\":\"https:\\\/\\\/lastro.com.br\\\/#website\",\"url\":\"https:\\\/\\\/lastro.com.br\\\/\",\"name\":\"Lastro\",\"description\":\"Estar na frente \u00e9 estar ao seu lado\",\"publisher\":{\"@id\":\"https:\\\/\\\/lastro.com.br\\\/#organization\"},\"potentialAction\":[{\"@type\":\"SearchAction\",\"target\":{\"@type\":\"EntryPoint\",\"urlTemplate\":\"https:\\\/\\\/lastro.com.br\\\/?s={search_term_string}\"},\"query-input\":{\"@type\":\"PropertyValueSpecification\",\"valueRequired\":true,\"valueName\":\"search_term_string\"}}],\"inLanguage\":\"pt-BR\"},{\"@type\":\"Organization\",\"@id\":\"https:\\\/\\\/lastro.com.br\\\/#organization\",\"name\":\"Lastro\",\"url\":\"https:\\\/\\\/lastro.com.br\\\/\",\"logo\":{\"@type\":\"ImageObject\",\"inLanguage\":\"pt-BR\",\"@id\":\"https:\\\/\\\/lastro.com.br\\\/#\\\/schema\\\/logo\\\/image\\\/\",\"url\":\"https:\\\/\\\/lastro.com.br\\\/wp-content\\\/uploads\\\/2021\\\/02\\\/logo.jpg\",\"contentUrl\":\"https:\\\/\\\/lastro.com.br\\\/wp-content\\\/uploads\\\/2021\\\/02\\\/logo.jpg\",\"width\":250,\"height\":70,\"caption\":\"Lastro\"},\"image\":{\"@id\":\"https:\\\/\\\/lastro.com.br\\\/#\\\/schema\\\/logo\\\/image\\\/\"},\"sameAs\":[\"https:\\\/\\\/www.facebook.com\\\/lastrodtvm\\\/\",\"https:\\\/\\\/www.instagram.com\\\/lastrodtvm\\\/\",\"https:\\\/\\\/www.linkedin.com\\\/company\\\/lastrodtvm\\\/\",\"https:\\\/\\\/www.youtube.com\\\/channel\\\/UCD4BGIkzTJw6KvMQ3h-PU-A\"]}]}<\/script>\n<!-- \/ Yoast SEO plugin. -->","yoast_head_json":{"title":"Den\u00fancia - Lastro","robots":{"index":"index","follow":"follow","max-snippet":"max-snippet:-1","max-image-preview":"max-image-preview:large","max-video-preview":"max-video-preview:-1"},"canonical":"https:\/\/lastro.com.br\/?page_id=733","og_locale":"pt_BR","og_type":"article","og_title":"Den\u00fancia - Lastro","og_description":"As Den\u00fancias podem ser associadas \u00e0: \u2022 Descumprimento de dispositivos legais ou regulamentares; \u2022 Desvios de comportamento e de regras [&hellip;]","og_url":"https:\/\/lastro.com.br\/?page_id=733","og_site_name":"Lastro","article_publisher":"https:\/\/www.facebook.com\/lastrodtvm\/","article_modified_time":"2021-06-15T20:02:06+00:00","og_image":[{"width":1600,"height":900,"url":"https:\/\/lastro.com.br\/wp-content\/uploads\/2025\/09\/108376_foto_pagina_leiloes_original.jpg","type":"image\/jpeg"}],"twitter_card":"summary_large_image","twitter_misc":{"Est. tempo de leitura":"1 minuto"},"schema":{"@context":"https:\/\/schema.org","@graph":[{"@type":"WebPage","@id":"https:\/\/lastro.com.br\/?page_id=733","url":"https:\/\/lastro.com.br\/?page_id=733","name":"Den\u00fancia - Lastro","isPartOf":{"@id":"https:\/\/lastro.com.br\/#website"},"datePublished":"2021-06-15T18:34:56+00:00","dateModified":"2021-06-15T20:02:06+00:00","breadcrumb":{"@id":"https:\/\/lastro.com.br\/?page_id=733#breadcrumb"},"inLanguage":"pt-BR","potentialAction":[{"@type":"ReadAction","target":["https:\/\/lastro.com.br\/?page_id=733"]}]},{"@type":"BreadcrumbList","@id":"https:\/\/lastro.com.br\/?page_id=733#breadcrumb","itemListElement":[{"@type":"ListItem","position":1,"name":"In\u00edcio","item":"https:\/\/lastro.com.br\/"},{"@type":"ListItem","position":2,"name":"Den\u00fancia"}]},{"@type":"WebSite","@id":"https:\/\/lastro.com.br\/#website","url":"https:\/\/lastro.com.br\/","name":"Lastro","description":"Estar na frente \u00e9 estar ao seu lado","publisher":{"@id":"https:\/\/lastro.com.br\/#organization"},"potentialAction":[{"@type":"SearchAction","target":{"@type":"EntryPoint","urlTemplate":"https:\/\/lastro.com.br\/?s={search_term_string}"},"query-input":{"@type":"PropertyValueSpecification","valueRequired":true,"valueName":"search_term_string"}}],"inLanguage":"pt-BR"},{"@type":"Organization","@id":"https:\/\/lastro.com.br\/#organization","name":"Lastro","url":"https:\/\/lastro.com.br\/","logo":{"@type":"ImageObject","inLanguage":"pt-BR","@id":"https:\/\/lastro.com.br\/#\/schema\/logo\/image\/","url":"https:\/\/lastro.com.br\/wp-content\/uploads\/2021\/02\/logo.jpg","contentUrl":"https:\/\/lastro.com.br\/wp-content\/uploads\/2021\/02\/logo.jpg","width":250,"height":70,"caption":"Lastro"},"image":{"@id":"https:\/\/lastro.com.br\/#\/schema\/logo\/image\/"},"sameAs":["https:\/\/www.facebook.com\/lastrodtvm\/","https:\/\/www.instagram.com\/lastrodtvm\/","https:\/\/www.linkedin.com\/company\/lastrodtvm\/","https:\/\/www.youtube.com\/channel\/UCD4BGIkzTJw6KvMQ3h-PU-A"]}]}},"acf":[],"_links":{"self":[{"href":"https:\/\/lastro.com.br\/index.php?rest_route=\/wp\/v2\/pages\/733","targetHints":{"allow":["GET"]}}],"collection":[{"href":"https:\/\/lastro.com.br\/index.php?rest_route=\/wp\/v2\/pages"}],"about":[{"href":"https:\/\/lastro.com.br\/index.php?rest_route=\/wp\/v2\/types\/page"}],"author":[{"embeddable":true,"href":"https:\/\/lastro.com.br\/index.php?rest_route=\/wp\/v2\/users\/8"}],"replies":[{"embeddable":true,"href":"https:\/\/lastro.com.br\/index.php?rest_route=%2Fwp%2Fv2%2Fcomments&post=733"}],"version-history":[{"count":5,"href":"https:\/\/lastro.com.br\/index.php?rest_route=\/wp\/v2\/pages\/733\/revisions"}],"predecessor-version":[{"id":781,"href":"https:\/\/lastro.com.br\/index.php?rest_route=\/wp\/v2\/pages\/733\/revisions\/781"}],"wp:attachment":[{"href":"https:\/\/lastro.com.br\/index.php?rest_route=%2Fwp%2Fv2%2Fmedia&parent=733"}],"curies":[{"name":"wp","href":"https:\/\/api.w.org\/{rel}","templated":true}]}}