{"id":5,"date":"2020-11-07T11:10:17","date_gmt":"2020-11-07T13:10:17","guid":{"rendered":"https:\/\/lastro.com.br\/?page_id=5"},"modified":"2026-04-08T08:01:38","modified_gmt":"2026-04-08T11:01:38","slug":"home","status":"publish","type":"page","link":"https:\/\/lastro.com.br\/","title":{"rendered":"Home"},"content":{"rendered":"\t\t<div data-elementor-type=\"wp-page\" data-elementor-id=\"5\" class=\"elementor elementor-5\">\n\t\t\t\t<div class=\"elementor-element elementor-element-60dd5f43 e-con-full e-flex e-con e-parent\" data-id=\"60dd5f43\" data-element_type=\"container\" data-e-type=\"container\" data-settings=\"{&quot;background_background&quot;:&quot;classic&quot;}\">\n\t\t<div class=\"elementor-element elementor-element-20e49955 e-con-full e-flex e-con e-child\" data-id=\"20e49955\" data-element_type=\"container\" data-e-type=\"container\">\n\t\t\t\t<div class=\"elementor-element elementor-element-6ac1425b elementor-widget elementor-widget-heading\" data-id=\"6ac1425b\" data-element_type=\"widget\" data-e-type=\"widget\" data-widget_type=\"heading.default\">\n\t\t\t\t\t<h2 class=\"elementor-heading-title elementor-size-default\">N\u00fameros da Lastro<\/h2>\t\t\t\t<\/div>\n\t\t\t\t<\/div>\n\t\t<div class=\"elementor-element elementor-element-20356c3d e-flex e-con-boxed e-con e-child\" data-id=\"20356c3d\" data-element_type=\"container\" data-e-type=\"container\">\n\t\t\t\t\t<div class=\"e-con-inner\">\n\t\t<div class=\"elementor-element elementor-element-5358c5ba e-flex e-con-boxed e-con e-child\" data-id=\"5358c5ba\" data-element_type=\"container\" data-e-type=\"container\">\n\t\t\t\t\t<div class=\"e-con-inner\">\n\t\t\t\t<div class=\"elementor-element elementor-element-4351abc elementor-widget elementor-widget-counter\" data-id=\"4351abc\" data-element_type=\"widget\" data-e-type=\"widget\" data-widget_type=\"counter.default\">\n\t\t\t\t\t\t\t<div class=\"elementor-counter\">\n\t\t\t<div class=\"elementor-counter-title\">Ano de Funda\u00e7\u00e3o da  LASTRO<\/div>\t\t\t<div class=\"elementor-counter-number-wrapper\">\n\t\t\t\t<span class=\"elementor-counter-number-prefix\"><\/span>\n\t\t\t\t<span class=\"elementor-counter-number\" data-duration=\"2000\" data-to-value=\"1993\" data-from-value=\"0\">0<\/span>\n\t\t\t\t<span class=\"elementor-counter-number-suffix\"><\/span>\n\t\t\t<\/div>\n\t\t<\/div>\n\t\t\t\t\t\t<\/div>\n\t\t\t\t\t<\/div>\n\t\t\t\t<\/div>\n\t\t<div class=\"elementor-element elementor-element-7d8071a3 e-flex e-con-boxed e-con e-child\" data-id=\"7d8071a3\" data-element_type=\"container\" data-e-type=\"container\">\n\t\t\t\t\t<div class=\"e-con-inner\">\n\t\t\t\t<div class=\"elementor-element elementor-element-66d8da66 elementor-widget elementor-widget-counter\" data-id=\"66d8da66\" data-element_type=\"widget\" data-e-type=\"widget\" data-widget_type=\"counter.default\">\n\t\t\t\t\t\t\t<div class=\"elementor-counter\">\n\t\t\t<div class=\"elementor-counter-title\">Total em Ofertas P\u00fablicas<\/div>\t\t\t<div class=\"elementor-counter-number-wrapper\">\n\t\t\t\t<span class=\"elementor-counter-number-prefix\"><\/span>\n\t\t\t\t<span class=\"elementor-counter-number\" data-duration=\"2000\" data-to-value=\"731\" data-from-value=\"0\">0<\/span>\n\t\t\t\t<span class=\"elementor-counter-number-suffix\">MM<\/span>\n\t\t\t<\/div>\n\t\t<\/div>\n\t\t\t\t\t\t<\/div>\n\t\t\t\t\t<\/div>\n\t\t\t\t<\/div>\n\t\t<div class=\"elementor-element elementor-element-2952879a e-flex e-con-boxed e-con e-child\" data-id=\"2952879a\" data-element_type=\"container\" data-e-type=\"container\">\n\t\t\t\t\t<div class=\"e-con-inner\">\n\t\t\t\t<div class=\"elementor-element elementor-element-3d869f86 elementor-widget elementor-widget-counter\" data-id=\"3d869f86\" data-element_type=\"widget\" data-e-type=\"widget\" data-widget_type=\"counter.default\">\n\t\t\t\t\t\t\t<div class=\"elementor-counter\">\n\t\t\t<div class=\"elementor-counter-title\">Total em Cust\u00f3dia<\/div>\t\t\t<div class=\"elementor-counter-number-wrapper\">\n\t\t\t\t<span class=\"elementor-counter-number-prefix\">+<\/span>\n\t\t\t\t<span class=\"elementor-counter-number\" data-duration=\"2000\" data-to-value=\"1.07\" data-from-value=\"0\">0<\/span>\n\t\t\t\t<span class=\"elementor-counter-number-suffix\">BI<\/span>\n\t\t\t<\/div>\n\t\t<\/div>\n\t\t\t\t\t\t<\/div>\n\t\t\t\t\t<\/div>\n\t\t\t\t<\/div>\n\t\t<div class=\"elementor-element elementor-element-599b76a4 e-flex e-con-boxed e-con e-child\" data-id=\"599b76a4\" data-element_type=\"container\" data-e-type=\"container\">\n\t\t\t\t\t<div class=\"e-con-inner\">\n\t\t\t\t<div class=\"elementor-element elementor-element-5f0ffc6c elementor-widget elementor-widget-counter\" data-id=\"5f0ffc6c\" data-element_type=\"widget\" data-e-type=\"widget\" data-widget_type=\"counter.default\">\n\t\t\t\t\t\t\t<div class=\"elementor-counter\">\n\t\t\t<div class=\"elementor-counter-title\">Total em Administra\u00e7\u00e3o Fiduci\u00e1ria<\/div>\t\t\t<div class=\"elementor-counter-number-wrapper\">\n\t\t\t\t<span class=\"elementor-counter-number-prefix\"><\/span>\n\t\t\t\t<span class=\"elementor-counter-number\" data-duration=\"2000\" data-to-value=\"683\" data-from-value=\"0\">0<\/span>\n\t\t\t\t<span class=\"elementor-counter-number-suffix\">MM<\/span>\n\t\t\t<\/div>\n\t\t<\/div>\n\t\t\t\t\t\t<\/div>\n\t\t\t\t\t<\/div>\n\t\t\t\t<\/div>\n\t\t\t\t\t<\/div>\n\t\t\t\t<\/div>\n\t\t\t\t<\/div>\n\t\t<div class=\"elementor-element elementor-element-954087c e-flex e-con-boxed e-con e-parent\" data-id=\"954087c\" data-element_type=\"container\" data-e-type=\"container\">\n\t\t\t\t\t<div class=\"e-con-inner\">\n\t\t\t\t<div class=\"elementor-element elementor-element-4a05abb elementor-widget elementor-widget-shortcode\" data-id=\"4a05abb\" data-element_type=\"widget\" data-e-type=\"widget\" data-widget_type=\"shortcode.default\">\n\t\t\t\t\t\t\t<div class=\"elementor-shortcode\">    <div class=\"section_content\">\n\n        <div class=\"section_title\">\n\n            <h1 style=\"font-size:1.6em\">SERVI\u00c7OS EM DESTAQUE<\/h1>\n\n        <\/div>\n\n        <ul class=\"section_destaque\">\n\n            <li class=\"item_destaque\">\n\n                \n                <img decoding=\"async\" src=\"https:\/\/lastro.com.br\/wp-content\/uploads\/2021\/02\/spot-07.jpg\" alt=\"Saiba Mais\">\n\n                <h3>Administra\u00e7\u00e3o Fiduci\u00e1ria<\/h3>\n\n                <p>Reunindo um time formado por profissionais experientes, com foco na qualidade e transpar\u00eancia na presta\u00e7\u00e3o de servi\u00e7os, a equipe da LASTRO se dedica a atender, atrav\u00e9s de um servi\u00e7o personalizado[...]<\/p>\n\n                <a href=\"https:\/\/lastro.com.br\/?servicos=administracao-fiduciaria\"><div class=\"bt_destaque\">SAIBA MAIS<\/div><\/a>\n\n            <\/li>\n\n            <li class=\"item_destaque\">\n\n                \n                <img decoding=\"async\" src=\"https:\/\/lastro.com.br\/wp-content\/uploads\/2021\/02\/spot-09-1.jpg\" alt=\"Saiba Mais\">\n\n                <h3>Cust\u00f3dia e Escritura\u00e7\u00e3o de Fundos<\/h3>\n\n                <p>A LASTRO inclui em seu portf\u00f3lio de servi\u00e7os, a Cust\u00f3dia e Escritura\u00e7\u00e3o para fundos de investimentos, com foco de atua\u00e7\u00e3o em fundos estruturados (FIDC\u00b4s, FIP\u00b4s e FII\u00b4s).<\/p>\n\n                <a href=\"https:\/\/lastro.com.br\/?servicos=servicos-qualificados\"><div class=\"bt_destaque\">SAIBA MAIS<\/div><\/a>\n\n            <\/li>\n\n            <li class=\"item_destaque\">\n\n                \n                <img decoding=\"async\" src=\"https:\/\/lastro.com.br\/wp-content\/uploads\/2021\/02\/spot-08.jpg\" alt=\"Saiba Mais\">\n\n                <h3>C\u00e2mbio<\/h3>\n\n                <p>Simplificamos e agilizamos suas transa\u00e7\u00f5es internacionais, conectando voc\u00ea ao mundo com seguran\u00e7a e efici\u00eancia.<br \/>\r\nRemessas Internacionais, Pagamentos de Importa\u00e7\u00e3o ou Recebimento de Exporta\u00e7\u00f5es.[...]<\/p>\n\n                <a href=\"https:\/\/lastro.com.br\/?servicos=cambio\"><div class=\"bt_destaque\">SAIBA MAIS<\/div><\/a>\n\n            <\/li>\n\t\t\t\n\t\t\t<li class=\"item_destaque\">\n\n                \n                <img decoding=\"async\" src=\"https:\/\/lastro.com.br\/wp-content\/uploads\/2024\/08\/custodia-fundos.webp\" alt=\"Saiba Mais\">\n\n                <h3>Ofertas Publicas<\/h3>\n\n                <p>Na Lastro, entendemos a complexidade e as exig\u00eancias envolvidas na Coordena\u00e7\u00e3o L\u00edder de Ofertas P\u00fablicas. Com mais de 30 anos de atua\u00e7\u00e3o no mercado de capitais, nossa equipe altamente qualificada[...]<\/p>\n\n                <a href=\"https:\/\/lastro.com.br\/?servicos=ofertas-publicas\"><div class=\"bt_destaque\">SAIBA MAIS<\/div><\/a>\n\n            <\/li>\n\n        <\/ul>\n\n    <\/div>\n<\/div>\n\t\t\t\t\t\t<\/div>\n\t\t\t\t\t<\/div>\n\t\t\t\t<\/div>\n\t\t<div class=\"elementor-element elementor-element-a4e0cc1 e-flex e-con-boxed e-con e-parent\" data-id=\"a4e0cc1\" data-element_type=\"container\" data-e-type=\"container\">\n\t\t\t\t\t<div class=\"e-con-inner\">\n\t\t\t\t<div class=\"elementor-element elementor-element-aa92189 elementor-widget elementor-widget-shortcode\" data-id=\"aa92189\" data-element_type=\"widget\" data-e-type=\"widget\" data-widget_type=\"shortcode.default\">\n\t\t\t\t\t\t\t<div class=\"elementor-shortcode\">        <div class=\"popup-edit-modal\" data-popup-edit>\r\n            <div class=\"popup-edit-modal__overlay\" data-popup-edit-close><\/div>\r\n            <div class=\"popup-edit-modal__dialog\" role=\"dialog\" aria-modal=\"true\" aria-label=\"Popup informativo\">\r\n                <button type=\"button\" class=\"popup-edit-modal__close\" aria-label=\"Fechar popup\" data-popup-edit-close>&times;<\/button>\r\n\r\n                <div class=\"popup-edit-modal__hero\">\r\n                                            <img decoding=\"async\" src=\"https:\/\/lastro.com.br\/wp-content\/uploads\/2026\/04\/img_pup_001.png\" alt=\"Imagem do popup\" class=\"popup-edit-modal__hero-image\">\r\n                                    <\/div>\r\n\r\n                <div class=\"popup-edit-modal__content\">\r\n                                            <div class=\"popup-edit-modal__intro\"><p>A Lastro atua como administradora fiduci\u00e1ria e custodiante de FIDC\u00b4s de cotas de condom\u00ednio. Em caso de d\u00favidas sobre boletos, contate o agente de cobran\u00e7a:<\/p>\n<\/div>\r\n                    \r\n                                            <div class=\"popup-edit-modal__cards\">\r\n                                                            <section class=\"popup-edit-card-item\">\r\n                                                                            <h3>FIDC ALLCON PRIME<\/h3>\r\n                                                                                                                <strong>Agente de cobran\u00e7a: ASSISCON<\/strong>\r\n                                                                        <div class=\"popup-edit-card-item__lines\">\r\n                                                                                                                                    <p>E-mail: operacional1@assiscon.com.br<\/p>\r\n                                                                                                                                                                                <p>Fixo: (41) 3114-0001<\/p>\r\n                                                                                                                                                                                                                                                                                                <\/div>\r\n                                <\/section>\r\n                                                            <section class=\"popup-edit-card-item\">\r\n                                                                            <h3>FIDC BEAT<\/h3>\r\n                                                                                                                <strong>Agente de cobran\u00e7a: SIMPLEX<\/strong>\r\n                                                                        <div class=\"popup-edit-card-item__lines\">\r\n                                                                                                                                    <p>SAC: (11) 5116-1936<\/p>\r\n                                                                                                                                                                                <p>Autoatendimento: (11) 94300-8231<\/p>\r\n                                                                                                                                                                                <p>Comercial: (13) 99661-4989 (com WhatsApp)<\/p>\r\n                                                                                                                                                                                <p>E-mail: contato@isimplex.com.br<\/p>\r\n                                                                                                                        <\/div>\r\n                                <\/section>\r\n                                                            <section class=\"popup-edit-card-item\">\r\n                                                                            <h3>FIDC MUNDO<\/h3>\r\n                                                                                                                <strong>Agente de cobran\u00e7a: ASSISCON<\/strong>\r\n                                                                        <div class=\"popup-edit-card-item__lines\">\r\n                                                                                                                                    <p>WhatsApp: (41) 99991-2188<\/p>\r\n                                                                                                                                                                                <p>Fixo: (41) 3094-9700<\/p>\r\n                                                                                                                                                                                <p>E-mail: central@assiscon.com.br<\/p>\r\n                                                                                                                                                                                                            <\/div>\r\n                                <\/section>\r\n                                                            <section class=\"popup-edit-card-item\">\r\n                                                                            <h3>FIDC CERTO<\/h3>\r\n                                                                                                                <strong>Agente de Cobran\u00e7a e Departamento Jur\u00eddico:<\/strong>\r\n                                                                        <div class=\"popup-edit-card-item__lines\">\r\n                                                                                                                                    <p>WhatsApp: (92) 9 8484-8974<\/p>\r\n                                                                                                                                                                                <p>Fixo: (92)3090-4823<\/p>\r\n                                                                                                                                                                                <p>E-mail: ouvidoria@loanbrasil.com.br<\/p>\r\n                                                                                                                                                                                                            <\/div>\r\n                                <\/section>\r\n                                                    <\/div>\r\n                    \r\n                                            <div class=\"popup-edit-modal__footer\">\r\n                            <img decoding=\"async\" src=\"https:\/\/lastro.com.br\/wp-content\/uploads\/2021\/02\/logo.jpg\" alt=\"Logo do popup\" class=\"popup-edit-modal__logo\">\r\n                        <\/div>\r\n                                    <\/div>\r\n            <\/div>\r\n        <\/div>\r\n        <\/div>\n\t\t\t\t\t\t<\/div>\n\t\t\t\t\t<\/div>\n\t\t\t\t<\/div>\n\t\t\t\t<\/div>\n\t\t","protected":false},"excerpt":{"rendered":"<p>N\u00fameros da Lastro Ano de Funda\u00e7\u00e3o da LASTRO 0 Total em Ofertas P\u00fablicas 0 MM Total em Cust\u00f3dia + 0 [&hellip;]<\/p>\n","protected":false},"author":7,"featured_media":0,"parent":0,"menu_order":0,"comment_status":"closed","ping_status":"closed","template":"","meta":{"_acf_changed":false,"_joinchat":[],"footnotes":""},"class_list":["post-5","page","type-page","status-publish","hentry"],"yoast_head":"<!-- This site is optimized with the Yoast SEO plugin v27.3 - https:\/\/yoast.com\/product\/yoast-seo-wordpress\/ -->\n<title>Lastro - Estar na frente \u00e9 estar ao seu lado<\/title>\n<meta name=\"description\" content=\"S\u00e3o 03 d\u00e9cadas de mercado e uma hist\u00f3ria de confian\u00e7a e seriedade constru\u00edda ao lado do cliente. Em todos estes anos, um \u00fanico caminho.\" \/>\n<meta name=\"robots\" content=\"index, follow, max-snippet:-1, max-image-preview:large, max-video-preview:-1\" \/>\n<link rel=\"canonical\" href=\"https:\/\/lastro.com.br\/\" \/>\n<meta property=\"og:locale\" content=\"pt_BR\" \/>\n<meta property=\"og:type\" content=\"article\" \/>\n<meta property=\"og:title\" content=\"Lastro\" \/>\n<meta property=\"og:description\" content=\"S\u00e3o 03 d\u00e9cadas de mercado e uma hist\u00f3ria de confian\u00e7a e seriedade constru\u00edda ao lado do cliente. Em todos estes anos, um \u00fanico caminho.\" \/>\n<meta property=\"og:url\" content=\"https:\/\/lastro.com.br\/\" \/>\n<meta property=\"og:site_name\" content=\"Lastro\" \/>\n<meta property=\"article:publisher\" content=\"https:\/\/www.facebook.com\/lastrodtvm\/\" \/>\n<meta property=\"article:modified_time\" content=\"2026-04-08T11:01:38+00:00\" \/>\n<meta property=\"og:image\" content=\"https:\/\/lastro.com.br\/wp-content\/uploads\/2025\/09\/108376_foto_pagina_leiloes_original.jpg\" \/>\n\t<meta property=\"og:image:width\" content=\"1600\" \/>\n\t<meta property=\"og:image:height\" content=\"900\" \/>\n\t<meta property=\"og:image:type\" content=\"image\/jpeg\" \/>\n<meta name=\"twitter:card\" content=\"summary_large_image\" \/>\n<meta name=\"twitter:title\" content=\"Lastro\" \/>\n<meta name=\"twitter:description\" content=\"S\u00e3o 03 d\u00e9cadas de mercado e uma hist\u00f3ria de confian\u00e7a e seriedade constru\u00edda ao lado do cliente. Em todos estes anos, um \u00fanico caminho.\" \/>\n<meta name=\"twitter:image\" content=\"https:\/\/lastro.com.br\/wp-content\/uploads\/2025\/09\/108376_foto_pagina_leiloes_original.jpg\" \/>\n<meta name=\"twitter:label1\" content=\"Est. tempo de leitura\" \/>\n\t<meta name=\"twitter:data1\" content=\"2 minutos\" \/>\n<script type=\"application\/ld+json\" class=\"yoast-schema-graph\">{\"@context\":\"https:\\\/\\\/schema.org\",\"@graph\":[{\"@type\":\"WebPage\",\"@id\":\"https:\\\/\\\/lastro.com.br\\\/\",\"url\":\"https:\\\/\\\/lastro.com.br\\\/\",\"name\":\"Lastro - Estar na frente \u00e9 estar ao seu lado\",\"isPartOf\":{\"@id\":\"https:\\\/\\\/lastro.com.br\\\/#website\"},\"datePublished\":\"2020-11-07T13:10:17+00:00\",\"dateModified\":\"2026-04-08T11:01:38+00:00\",\"description\":\"S\u00e3o 03 d\u00e9cadas de mercado e uma hist\u00f3ria de confian\u00e7a e seriedade constru\u00edda ao lado do cliente. Em todos estes anos, um \u00fanico caminho.\",\"breadcrumb\":{\"@id\":\"https:\\\/\\\/lastro.com.br\\\/#breadcrumb\"},\"inLanguage\":\"pt-BR\",\"potentialAction\":[{\"@type\":\"ReadAction\",\"target\":[\"https:\\\/\\\/lastro.com.br\\\/\"]}]},{\"@type\":\"BreadcrumbList\",\"@id\":\"https:\\\/\\\/lastro.com.br\\\/#breadcrumb\",\"itemListElement\":[{\"@type\":\"ListItem\",\"position\":1,\"name\":\"In\u00edcio\",\"item\":\"https:\\\/\\\/lastro.com.br\\\/\"},{\"@type\":\"ListItem\",\"position\":2,\"name\":\"Home\"}]},{\"@type\":\"WebSite\",\"@id\":\"https:\\\/\\\/lastro.com.br\\\/#website\",\"url\":\"https:\\\/\\\/lastro.com.br\\\/\",\"name\":\"Lastro\",\"description\":\"Estar na frente \u00e9 estar ao seu lado\",\"publisher\":{\"@id\":\"https:\\\/\\\/lastro.com.br\\\/#organization\"},\"potentialAction\":[{\"@type\":\"SearchAction\",\"target\":{\"@type\":\"EntryPoint\",\"urlTemplate\":\"https:\\\/\\\/lastro.com.br\\\/?s={search_term_string}\"},\"query-input\":{\"@type\":\"PropertyValueSpecification\",\"valueRequired\":true,\"valueName\":\"search_term_string\"}}],\"inLanguage\":\"pt-BR\"},{\"@type\":\"Organization\",\"@id\":\"https:\\\/\\\/lastro.com.br\\\/#organization\",\"name\":\"Lastro\",\"url\":\"https:\\\/\\\/lastro.com.br\\\/\",\"logo\":{\"@type\":\"ImageObject\",\"inLanguage\":\"pt-BR\",\"@id\":\"https:\\\/\\\/lastro.com.br\\\/#\\\/schema\\\/logo\\\/image\\\/\",\"url\":\"https:\\\/\\\/lastro.com.br\\\/wp-content\\\/uploads\\\/2021\\\/02\\\/logo.jpg\",\"contentUrl\":\"https:\\\/\\\/lastro.com.br\\\/wp-content\\\/uploads\\\/2021\\\/02\\\/logo.jpg\",\"width\":250,\"height\":70,\"caption\":\"Lastro\"},\"image\":{\"@id\":\"https:\\\/\\\/lastro.com.br\\\/#\\\/schema\\\/logo\\\/image\\\/\"},\"sameAs\":[\"https:\\\/\\\/www.facebook.com\\\/lastrodtvm\\\/\",\"https:\\\/\\\/www.instagram.com\\\/lastrodtvm\\\/\",\"https:\\\/\\\/www.linkedin.com\\\/company\\\/lastrodtvm\\\/\",\"https:\\\/\\\/www.youtube.com\\\/channel\\\/UCD4BGIkzTJw6KvMQ3h-PU-A\"]}]}<\/script>\n<!-- \/ Yoast SEO plugin. -->","yoast_head_json":{"title":"Lastro - Estar na frente \u00e9 estar ao seu lado","description":"S\u00e3o 03 d\u00e9cadas de mercado e uma hist\u00f3ria de confian\u00e7a e seriedade constru\u00edda ao lado do cliente. Em todos estes anos, um \u00fanico caminho.","robots":{"index":"index","follow":"follow","max-snippet":"max-snippet:-1","max-image-preview":"max-image-preview:large","max-video-preview":"max-video-preview:-1"},"canonical":"https:\/\/lastro.com.br\/","og_locale":"pt_BR","og_type":"article","og_title":"Lastro","og_description":"S\u00e3o 03 d\u00e9cadas de mercado e uma hist\u00f3ria de confian\u00e7a e seriedade constru\u00edda ao lado do cliente. Em todos estes anos, um \u00fanico caminho.","og_url":"https:\/\/lastro.com.br\/","og_site_name":"Lastro","article_publisher":"https:\/\/www.facebook.com\/lastrodtvm\/","article_modified_time":"2026-04-08T11:01:38+00:00","og_image":[{"width":1600,"height":900,"url":"https:\/\/lastro.com.br\/wp-content\/uploads\/2025\/09\/108376_foto_pagina_leiloes_original.jpg","type":"image\/jpeg"}],"twitter_card":"summary_large_image","twitter_title":"Lastro","twitter_description":"S\u00e3o 03 d\u00e9cadas de mercado e uma hist\u00f3ria de confian\u00e7a e seriedade constru\u00edda ao lado do cliente. Em todos estes anos, um \u00fanico caminho.","twitter_image":"https:\/\/lastro.com.br\/wp-content\/uploads\/2025\/09\/108376_foto_pagina_leiloes_original.jpg","twitter_misc":{"Est. tempo de leitura":"2 minutos"},"schema":{"@context":"https:\/\/schema.org","@graph":[{"@type":"WebPage","@id":"https:\/\/lastro.com.br\/","url":"https:\/\/lastro.com.br\/","name":"Lastro - Estar na frente \u00e9 estar ao seu lado","isPartOf":{"@id":"https:\/\/lastro.com.br\/#website"},"datePublished":"2020-11-07T13:10:17+00:00","dateModified":"2026-04-08T11:01:38+00:00","description":"S\u00e3o 03 d\u00e9cadas de mercado e uma hist\u00f3ria de confian\u00e7a e seriedade constru\u00edda ao lado do cliente. Em todos estes anos, um \u00fanico caminho.","breadcrumb":{"@id":"https:\/\/lastro.com.br\/#breadcrumb"},"inLanguage":"pt-BR","potentialAction":[{"@type":"ReadAction","target":["https:\/\/lastro.com.br\/"]}]},{"@type":"BreadcrumbList","@id":"https:\/\/lastro.com.br\/#breadcrumb","itemListElement":[{"@type":"ListItem","position":1,"name":"In\u00edcio","item":"https:\/\/lastro.com.br\/"},{"@type":"ListItem","position":2,"name":"Home"}]},{"@type":"WebSite","@id":"https:\/\/lastro.com.br\/#website","url":"https:\/\/lastro.com.br\/","name":"Lastro","description":"Estar na frente \u00e9 estar ao seu lado","publisher":{"@id":"https:\/\/lastro.com.br\/#organization"},"potentialAction":[{"@type":"SearchAction","target":{"@type":"EntryPoint","urlTemplate":"https:\/\/lastro.com.br\/?s={search_term_string}"},"query-input":{"@type":"PropertyValueSpecification","valueRequired":true,"valueName":"search_term_string"}}],"inLanguage":"pt-BR"},{"@type":"Organization","@id":"https:\/\/lastro.com.br\/#organization","name":"Lastro","url":"https:\/\/lastro.com.br\/","logo":{"@type":"ImageObject","inLanguage":"pt-BR","@id":"https:\/\/lastro.com.br\/#\/schema\/logo\/image\/","url":"https:\/\/lastro.com.br\/wp-content\/uploads\/2021\/02\/logo.jpg","contentUrl":"https:\/\/lastro.com.br\/wp-content\/uploads\/2021\/02\/logo.jpg","width":250,"height":70,"caption":"Lastro"},"image":{"@id":"https:\/\/lastro.com.br\/#\/schema\/logo\/image\/"},"sameAs":["https:\/\/www.facebook.com\/lastrodtvm\/","https:\/\/www.instagram.com\/lastrodtvm\/","https:\/\/www.linkedin.com\/company\/lastrodtvm\/","https:\/\/www.youtube.com\/channel\/UCD4BGIkzTJw6KvMQ3h-PU-A"]}]}},"acf":[],"_links":{"self":[{"href":"https:\/\/lastro.com.br\/index.php?rest_route=\/wp\/v2\/pages\/5","targetHints":{"allow":["GET"]}}],"collection":[{"href":"https:\/\/lastro.com.br\/index.php?rest_route=\/wp\/v2\/pages"}],"about":[{"href":"https:\/\/lastro.com.br\/index.php?rest_route=\/wp\/v2\/types\/page"}],"author":[{"embeddable":true,"href":"https:\/\/lastro.com.br\/index.php?rest_route=\/wp\/v2\/users\/7"}],"replies":[{"embeddable":true,"href":"https:\/\/lastro.com.br\/index.php?rest_route=%2Fwp%2Fv2%2Fcomments&post=5"}],"version-history":[{"count":68,"href":"https:\/\/lastro.com.br\/index.php?rest_route=\/wp\/v2\/pages\/5\/revisions"}],"predecessor-version":[{"id":2709,"href":"https:\/\/lastro.com.br\/index.php?rest_route=\/wp\/v2\/pages\/5\/revisions\/2709"}],"wp:attachment":[{"href":"https:\/\/lastro.com.br\/index.php?rest_route=%2Fwp%2Fv2%2Fmedia&parent=5"}],"curies":[{"name":"wp","href":"https:\/\/api.w.org\/{rel}","templated":true}]}}